{"id":6,"date":"2013-12-11T20:45:37","date_gmt":"2013-12-11T19:45:37","guid":{"rendered":"http:\/\/www.shbv.info\/schoolkids\/?page_id=2"},"modified":"2022-07-19T20:48:51","modified_gmt":"2022-07-19T18:48:51","slug":"beispiel-seite-2","status":"publish","type":"page","link":"https:\/\/www.shbv.info\/schoolkids\/?page_id=6","title":{"rendered":"Die Idee"},"content":{"rendered":"<p>Nachdem das Feedback der Schulen, die im Sportunterricht Baseball anbieten so gro\u00dfartig war und nach &#8222;mehr&#8220; verlangt wurde, haben sich ein paar schlaue K\u00f6pfe zusammen gesetzt um ein Konzept zu erstellen, dass es den Schulen erleichtert, Baseball im Sportunterricht anzubieten.<\/p>\n<p>Die Equipment Frage war das gr\u00f6\u00dfte zu l\u00f6sende Problem, das wir durch die Anschaffung neuer Equipment Taschen und die vereinfachte Bestellung \u00fcber diese Homepage, weitestgehend gel\u00f6st haben.<\/p>\n<p>Das zweite Problem &#8222;&#8230;ich w\u00fcrde Baseball gerne im Sportunterricht anbieten, kenne mich dazu aber zu wenig in der Sportart aus&#8230;&#8220;, hoffen wir durch das Angebot, Trainer an die Schulen zu schicken, die den Einstieg erleichtern sollen, zu l\u00f6sen. Zudem bieten wir den interessierten Sportlehrern\/Sportlehrerinnen die M\u00f6glichkeit in unserem Downloadbereich ein paar Einsteiger-Infos runter zu laden, oder sich bei weiterf\u00fchrenden Homepages tiefergehend zu informieren.<\/p>\n<p>Au\u00dferdem werden wir \u00fcber die Lehrer-Fortbildungs-Institute versuchen m\u00f6glichst regelm\u00e4\u00dfig Lehrerfortbildungen f\u00fcr Baseball anzubieten.<\/p>\n","protected":false},"excerpt":{"rendered":"<p>Nachdem das Feedback der Schulen, die im Sportunterricht Baseball anbieten so gro\u00dfartig war und nach &#8222;mehr&#8220; verlangt wurde, haben sich ein paar schlaue K\u00f6pfe zusammen gesetzt um ein Konzept zu erstellen, dass es den Schulen erleichtert, Baseball im Sportunterricht anzubieten. &hellip; <a href=\"https:\/\/www.shbv.info\/schoolkids\/?page_id=6\">Weiterlesen <span class=\"meta-nav\">&rarr;<\/span><\/a><\/p>\n","protected":false},"author":2,"featured_media":99,"parent":0,"menu_order":0,"comment_status":"closed","ping_status":"closed","template":"","meta":[],"_links":{"self":[{"href":"https:\/\/www.shbv.info\/schoolkids\/index.php?rest_route=\/wp\/v2\/pages\/6"}],"collection":[{"href":"https:\/\/www.shbv.info\/schoolkids\/index.php?rest_route=\/wp\/v2\/pages"}],"about":[{"href":"https:\/\/www.shbv.info\/schoolkids\/index.php?rest_route=\/wp\/v2\/types\/page"}],"author":[{"embeddable":true,"href":"https:\/\/www.shbv.info\/schoolkids\/index.php?rest_route=\/wp\/v2\/users\/2"}],"replies":[{"embeddable":true,"href":"https:\/\/www.shbv.info\/schoolkids\/index.php?rest_route=%2Fwp%2Fv2%2Fcomments&post=6"}],"version-history":[{"count":1,"href":"https:\/\/www.shbv.info\/schoolkids\/index.php?rest_route=\/wp\/v2\/pages\/6\/revisions"}],"predecessor-version":[{"id":539,"href":"https:\/\/www.shbv.info\/schoolkids\/index.php?rest_route=\/wp\/v2\/pages\/6\/revisions\/539"}],"wp:featuredmedia":[{"embeddable":true,"href":"https:\/\/www.shbv.info\/schoolkids\/index.php?rest_route=\/wp\/v2\/media\/99"}],"wp:attachment":[{"href":"https:\/\/www.shbv.info\/schoolkids\/index.php?rest_route=%2Fwp%2Fv2%2Fmedia&parent=6"}],"curies":[{"name":"wp","href":"https:\/\/api.w.org\/{rel}","templated":true}]}}