{"id":200,"date":"2016-01-24T11:32:00","date_gmt":"2016-01-24T10:32:00","guid":{"rendered":"http:\/\/www.shbv.info\/schoolkids\/?page_id=200"},"modified":"2022-09-02T22:12:12","modified_gmt":"2022-09-02T20:12:12","slug":"startseite-2","status":"publish","type":"page","link":"https:\/\/www.shbv.info\/schoolkids\/","title":{"rendered":""},"content":{"rendered":"<h1 class=\"entry-title\"><strong><a href=\"http:\/\/www.shbv.info\/schoolkids\/?p=1\" rel=\"bookmark\">Schoolkids-Baseball \u2013 die Schulen im Norden spielen Baseball<\/a><\/strong><\/h1>\n<p>\u00a0<\/p>\n<p>Baseball\/Softball gilt weltweit wegen seiner Vielf\u00e4ltigkeit (jeder kann sich mit seinen St\u00e4rken einbringen) und seiner Attraktivit\u00e4t f\u00fcr Kinder und Jugendliche als ideale Sportart f\u00fcr den Schulsport. Grundlagen wie Laufen, Werfen und Fangen werden spielerisch und \u201egerne\u201c gelernt, Hand-Augen-Koordination wird beim Schlagen \u201enebenbei\u201c ge\u00fcbt und vor allem \u2013 die Kinder lieben es.<\/p>\n<p align=\"LEFT\">Die Norddeutschen Baseball &amp; Softballverb\u00e4nde (Hamburg &amp; Schleswig Holstein) haben gerade ihren Bestand an Leih-Taschen mit Baseball-Equipment, die sich die Schulen f\u00fcr den Sportunterricht ausleihen k\u00f6nnen, aufgestockt. Zudem wurde neues Infomaterial zusammengestellt und den Schulen wird angeboten, dass ein\/e erfahrene\/r Baseball\/Softball Trainer\/in in die Schule kommt, um zumindest bei einer Einf\u00fchrung dabei zu sein.<\/p>\n<p align=\"LEFT\">Das bedeutet im Detail:<\/p>\n<p align=\"LEFT\">\u2013 Schulen k\u00f6nnen f\u00fcr maximal 6 Wochen eine Tasche mit dem f\u00fcr den Unterricht ben\u00f6tigtem Equipment bei uns ausleihen. In jeder Tasche sind ca. 25 Handschuhe, 15 B\u00e4lle, 4 Bases und 2 Schl\u00e4ger.<\/p>\n<p align=\"LEFT\">\u2013 Es wird eine Brosch\u00fcre zum Thema Baseball\/Softball f\u00fcr den Sportunterricht beigelegt und bleibt im Schulbesitz.<\/p>\n<p align=\"LEFT\">\u2013 Wenn es gew\u00fcnscht wird, versuchen wir eine\/n der vielen gut ausgebildeten Trainer\/innen (Teilweise Bundesstrainer \/ Landes-Auswahltrainer) f\u00fcr die erste Doppelstunde zu organisieren, der die Sch\u00fcler\/innen und Lehrer\/innen in die \u201eGeheimnisse\u201c unserer so vielf\u00e4ltigen Sportart einf\u00fchrt.<\/p>\n<p align=\"LEFT\">\u2013 Sollte ein Projekt bei Ihnen an der Schule besonders gut funktionieren, bieten wir an, dass sich die Klassen\/Schulen f\u00fcr unsere Schulmeisterschaften anmelden k\u00f6nnen die wir jeweils einmal im Jahr (kurz vor den Sommerferien) anbieten.<\/p>\n<p align=\"LEFT\">Sollten Sie Interesse daran haben Baseball\/Softball im Schulunterricht anzubieten, oder sollten Sie noch Fragen haben, melden sie sich einfach bei uns, beim Baseball und Softball Verband Hamburg und Schleswig Holstein unter <a href=\"mailto:info@shbvnet.de\">info[at]shbvnet.de<\/a>.<\/p>\n\n\n<p><\/p>\n","protected":false},"excerpt":{"rendered":"<p>Schoolkids-Baseball \u2013 die Schulen im Norden spielen Baseball \u00a0 Baseball\/Softball gilt weltweit wegen seiner Vielf\u00e4ltigkeit (jeder kann sich mit seinen St\u00e4rken einbringen) und seiner Attraktivit\u00e4t f\u00fcr Kinder und Jugendliche als ideale Sportart f\u00fcr den Schulsport. Grundlagen wie Laufen, Werfen und &hellip; <a href=\"https:\/\/www.shbv.info\/schoolkids\/\">Weiterlesen <span class=\"meta-nav\">&rarr;<\/span><\/a><\/p>\n","protected":false},"author":2,"featured_media":99,"parent":0,"menu_order":0,"comment_status":"closed","ping_status":"closed","template":"","meta":[],"_links":{"self":[{"href":"https:\/\/www.shbv.info\/schoolkids\/index.php?rest_route=\/wp\/v2\/pages\/200"}],"collection":[{"href":"https:\/\/www.shbv.info\/schoolkids\/index.php?rest_route=\/wp\/v2\/pages"}],"about":[{"href":"https:\/\/www.shbv.info\/schoolkids\/index.php?rest_route=\/wp\/v2\/types\/page"}],"author":[{"embeddable":true,"href":"https:\/\/www.shbv.info\/schoolkids\/index.php?rest_route=\/wp\/v2\/users\/2"}],"replies":[{"embeddable":true,"href":"https:\/\/www.shbv.info\/schoolkids\/index.php?rest_route=%2Fwp%2Fv2%2Fcomments&post=200"}],"version-history":[{"count":3,"href":"https:\/\/www.shbv.info\/schoolkids\/index.php?rest_route=\/wp\/v2\/pages\/200\/revisions"}],"predecessor-version":[{"id":567,"href":"https:\/\/www.shbv.info\/schoolkids\/index.php?rest_route=\/wp\/v2\/pages\/200\/revisions\/567"}],"wp:featuredmedia":[{"embeddable":true,"href":"https:\/\/www.shbv.info\/schoolkids\/index.php?rest_route=\/wp\/v2\/media\/99"}],"wp:attachment":[{"href":"https:\/\/www.shbv.info\/schoolkids\/index.php?rest_route=%2Fwp%2Fv2%2Fmedia&parent=200"}],"curies":[{"name":"wp","href":"https:\/\/api.w.org\/{rel}","templated":true}]}}