{"id":117,"date":"2014-04-28T10:16:55","date_gmt":"2014-04-28T08:16:55","guid":{"rendered":"http:\/\/www.shbv.info\/schoolkids\/?page_id=117"},"modified":"2022-09-01T08:01:27","modified_gmt":"2022-09-01T06:01:27","slug":"nachmittagsganztags","status":"publish","type":"page","link":"https:\/\/www.shbv.info\/schoolkids\/?page_id=117","title":{"rendered":"Nachmittags\/Ganztags"},"content":{"rendered":"<p>Da es immer mehr Anfragen bez\u00fcglich der Nachmittags\/Ganztagsbetreuung an Schulen gibt hier ein paar Hinweise dazu.<\/p>\n<p>Im Prinzip stehen die gesamten Materialien auch f\u00fcr die Nachmittags\/Ganztagsbetreuung zur Verf\u00fcgung. Equipment kann (f\u00fcr 4-6 Wochen) geliehen und\u00a0Infomaterial kann jederzeit downgeloaded werden.<\/p>\n<p>Nat\u00fcrlich k\u00f6nnen sich auch Schulen, die Baseball in der Nachmittags\/Ganztagsbetreuung anbieten ebenfalls an den Schulturnieren teilnehmen.<\/p>\n<p>Sollten an Ihrer Schule andere Personen als ihre Lehrer\/innen die Nachmittags\/Ganztagsbetreuung \u00fcbernehmen, k\u00f6nnen diese Personen nat\u00fcrlich ebenfalls gerne an unseren Fortbildungen teilnehmen.<\/p>\n<p>Was wir nicht leisten k\u00f6nnen ist Personen zur Verf\u00fcgung stellen, die ihre Nachmittags\/Ganztagsbetreuung leiten. Wir k\u00f6nnen Ihnen aber gerne einen Kontakt zu dem Verein in Ihrer N\u00e4he machen, damit Sie dort anfragen k\u00f6nnen ob eine\/r der \u00dcbungsleiter\/innen Ihre Nachmittags\/Ganztagsbetreuung \u00fcbernehmen k\u00f6nnen.<\/p>\n<p>Hierzu bitte einfach eine Mail an: <a href=\"mailto:info@shbvnet.de\">info[at]shbvnet.de<\/a><\/p>\n","protected":false},"excerpt":{"rendered":"<p>Da es immer mehr Anfragen bez\u00fcglich der Nachmittags\/Ganztagsbetreuung an Schulen gibt hier ein paar Hinweise dazu. Im Prinzip stehen die gesamten Materialien auch f\u00fcr die Nachmittags\/Ganztagsbetreuung zur Verf\u00fcgung. Equipment kann (f\u00fcr 4-6 Wochen) geliehen und\u00a0Infomaterial kann jederzeit downgeloaded werden. Nat\u00fcrlich &hellip; <a href=\"https:\/\/www.shbv.info\/schoolkids\/?page_id=117\">Weiterlesen <span class=\"meta-nav\">&rarr;<\/span><\/a><\/p>\n","protected":false},"author":3,"featured_media":99,"parent":0,"menu_order":4,"comment_status":"closed","ping_status":"closed","template":"","meta":[],"_links":{"self":[{"href":"https:\/\/www.shbv.info\/schoolkids\/index.php?rest_route=\/wp\/v2\/pages\/117"}],"collection":[{"href":"https:\/\/www.shbv.info\/schoolkids\/index.php?rest_route=\/wp\/v2\/pages"}],"about":[{"href":"https:\/\/www.shbv.info\/schoolkids\/index.php?rest_route=\/wp\/v2\/types\/page"}],"author":[{"embeddable":true,"href":"https:\/\/www.shbv.info\/schoolkids\/index.php?rest_route=\/wp\/v2\/users\/3"}],"replies":[{"embeddable":true,"href":"https:\/\/www.shbv.info\/schoolkids\/index.php?rest_route=%2Fwp%2Fv2%2Fcomments&post=117"}],"version-history":[{"count":2,"href":"https:\/\/www.shbv.info\/schoolkids\/index.php?rest_route=\/wp\/v2\/pages\/117\/revisions"}],"predecessor-version":[{"id":565,"href":"https:\/\/www.shbv.info\/schoolkids\/index.php?rest_route=\/wp\/v2\/pages\/117\/revisions\/565"}],"wp:featuredmedia":[{"embeddable":true,"href":"https:\/\/www.shbv.info\/schoolkids\/index.php?rest_route=\/wp\/v2\/media\/99"}],"wp:attachment":[{"href":"https:\/\/www.shbv.info\/schoolkids\/index.php?rest_route=%2Fwp%2Fv2%2Fmedia&parent=117"}],"curies":[{"name":"wp","href":"https:\/\/api.w.org\/{rel}","templated":true}]}}