{"id":11,"date":"2013-12-12T11:11:07","date_gmt":"2013-12-12T10:11:07","guid":{"rendered":"http:\/\/www.shbv.info\/schoolkids\/?page_id=10"},"modified":"2022-09-01T08:02:09","modified_gmt":"2022-09-01T06:02:09","slug":"lehrerfortbildungen","status":"publish","type":"page","link":"https:\/\/www.shbv.info\/schoolkids\/?page_id=11","title":{"rendered":"Lehrerfortbildungen"},"content":{"rendered":"<p>In Zusammenarbeit mit den Lehrer-Fortbildungsinstituten <a title=\"Institut f\u00fcr Qualit\u00e4tsentwicklung an Schulen Schleswig-Holstein\" href=\"https:\/\/www.schleswig-holstein.de\/DE\/landesregierung\/ministerien-behoerden\/IQSH\/iqsh_node.html\" target=\"_blank\" rel=\"noopener\">Institut f\u00fcr Qualit\u00e4tsentwicklung an Schulen Schleswig-Holstein<\/a> in Schleswig-Holstein und dem <a title=\"Landesinstitut f\u00fcr Lehrerbildung und Schulentwicklung (LI)\" href=\"http:\/\/li.hamburg.de\/sport\" target=\"_blank\" rel=\"noopener\">Landesinstitut f\u00fcr Lehrerbildung und Schulentwicklung (LI)<\/a> in Hamburg bieten wir immer wieder Lehrerfortbildungen in Sachen Baseball im Schulunterricht an.<\/p>\n<p>Immer wieder organisieren wir auch f\u00fcr Schulen, die sich zusammen tun eine Einf\u00fchrung in das Thema Baseball im Schulsport.<\/p>\n<p>Bei Interesse bitte melden bei: <a href=\"mailto:info@shbvnet.de\">info[at]shbvnet.de<\/a><\/p>\n<p><strong>\u00a0<\/strong><\/p>\n","protected":false},"excerpt":{"rendered":"<p>In Zusammenarbeit mit den Lehrer-Fortbildungsinstituten Institut f\u00fcr Qualit\u00e4tsentwicklung an Schulen Schleswig-Holstein in Schleswig-Holstein und dem Landesinstitut f\u00fcr Lehrerbildung und Schulentwicklung (LI) in Hamburg bieten wir immer wieder Lehrerfortbildungen in Sachen Baseball im Schulunterricht an. Immer wieder organisieren wir auch f\u00fcr &hellip; <a href=\"https:\/\/www.shbv.info\/schoolkids\/?page_id=11\">Weiterlesen <span class=\"meta-nav\">&rarr;<\/span><\/a><\/p>\n","protected":false},"author":3,"featured_media":99,"parent":0,"menu_order":9,"comment_status":"closed","ping_status":"closed","template":"","meta":[],"_links":{"self":[{"href":"https:\/\/www.shbv.info\/schoolkids\/index.php?rest_route=\/wp\/v2\/pages\/11"}],"collection":[{"href":"https:\/\/www.shbv.info\/schoolkids\/index.php?rest_route=\/wp\/v2\/pages"}],"about":[{"href":"https:\/\/www.shbv.info\/schoolkids\/index.php?rest_route=\/wp\/v2\/types\/page"}],"author":[{"embeddable":true,"href":"https:\/\/www.shbv.info\/schoolkids\/index.php?rest_route=\/wp\/v2\/users\/3"}],"replies":[{"embeddable":true,"href":"https:\/\/www.shbv.info\/schoolkids\/index.php?rest_route=%2Fwp%2Fv2%2Fcomments&post=11"}],"version-history":[{"count":3,"href":"https:\/\/www.shbv.info\/schoolkids\/index.php?rest_route=\/wp\/v2\/pages\/11\/revisions"}],"predecessor-version":[{"id":566,"href":"https:\/\/www.shbv.info\/schoolkids\/index.php?rest_route=\/wp\/v2\/pages\/11\/revisions\/566"}],"wp:featuredmedia":[{"embeddable":true,"href":"https:\/\/www.shbv.info\/schoolkids\/index.php?rest_route=\/wp\/v2\/media\/99"}],"wp:attachment":[{"href":"https:\/\/www.shbv.info\/schoolkids\/index.php?rest_route=%2Fwp%2Fv2%2Fmedia&parent=11"}],"curies":[{"name":"wp","href":"https:\/\/api.w.org\/{rel}","templated":true}]}}